{"id":4238,"date":"2021-12-24T11:17:19","date_gmt":"2021-12-24T11:17:19","guid":{"rendered":"https:\/\/normasteaching.com\/archivio\/?page_id=4238"},"modified":"2023-02-03T15:41:40","modified_gmt":"2023-02-03T15:41:40","slug":"privacy_policy_freebie","status":"publish","type":"page","link":"https:\/\/normasteaching.com\/archivio\/privacy_policy_freebie\/","title":{"rendered":"Privacy policy freebie"},"content":{"rendered":"\t\t<div data-elementor-type=\"wp-page\" data-elementor-id=\"4238\" class=\"elementor elementor-4238\">\n\t\t\t\t\t\t<div class=\"elementor-inner\">\n\t\t\t\t<div class=\"elementor-section-wrap\">\n\t\t\t\t\t\t\t\t\t<section class=\"elementor-section elementor-top-section elementor-element elementor-element-d48cc51 elementor-section-boxed elementor-section-height-default elementor-section-height-default\" data-id=\"d48cc51\" data-element_type=\"section\" data-settings=\"{&quot;background_background&quot;:&quot;classic&quot;}\">\n\t\t\t\t\t\t<div class=\"elementor-container elementor-column-gap-default\">\n\t\t\t\t\t\t\t<div class=\"elementor-row\">\n\t\t\t\t\t<div class=\"elementor-column elementor-col-100 elementor-top-column elementor-element elementor-element-fd0ab04\" data-id=\"fd0ab04\" data-element_type=\"column\">\n\t\t\t<div class=\"elementor-column-wrap elementor-element-populated\">\n\t\t\t\t\t\t\t<div class=\"elementor-widget-wrap\">\n\t\t\t\t\t\t<div class=\"elementor-element elementor-element-17e7847 elementor-icon-list--layout-traditional elementor-list-item-link-full_width elementor-widget elementor-widget-icon-list\" data-id=\"17e7847\" data-element_type=\"widget\" data-widget_type=\"icon-list.default\">\n\t\t\t\t<div class=\"elementor-widget-container\">\n\t\t\t\t\t<ul class=\"elementor-icon-list-items\">\n\t\t\t\t\t\t\t<li class=\"elementor-icon-list-item\">\n\t\t\t\t\t\t\t\t\t\t\t<a href=\"https:\/\/normasteaching.com\/archivio\">\n\n\t\t\t\t\t\t\t\t\t\t\t\t<span class=\"elementor-icon-list-icon\">\n\t\t\t\t\t\t\t<i aria-hidden=\"true\" class=\"fas fa-arrow-left\"><\/i>\t\t\t\t\t\t<\/span>\n\t\t\t\t\t\t\t\t\t\t<span class=\"elementor-icon-list-text\">Torna alla Home<\/span>\n\t\t\t\t\t\t\t\t\t\t\t<\/a>\n\t\t\t\t\t\t\t\t\t<\/li>\n\t\t\t\t\t\t<\/ul>\n\t\t\t\t<\/div>\n\t\t\t\t<\/div>\n\t\t\t\t\t\t<\/div>\n\t\t\t\t\t<\/div>\n\t\t<\/div>\n\t\t\t\t\t\t\t\t<\/div>\n\t\t\t\t\t<\/div>\n\t\t<\/section>\n\t\t\t\t<section class=\"elementor-section elementor-top-section elementor-element elementor-element-59edfb0 elementor-section-boxed elementor-section-height-default elementor-section-height-default\" data-id=\"59edfb0\" data-element_type=\"section\">\n\t\t\t\t\t\t<div class=\"elementor-container elementor-column-gap-default\">\n\t\t\t\t\t\t\t<div class=\"elementor-row\">\n\t\t\t\t\t<div class=\"elementor-column elementor-col-100 elementor-top-column elementor-element elementor-element-206829b\" data-id=\"206829b\" data-element_type=\"column\">\n\t\t\t<div class=\"elementor-column-wrap elementor-element-populated\">\n\t\t\t\t\t\t\t<div class=\"elementor-widget-wrap\">\n\t\t\t\t\t\t<div class=\"elementor-element elementor-element-14887ad elementor-widget elementor-widget-text-editor\" data-id=\"14887ad\" data-element_type=\"widget\" data-widget_type=\"text-editor.default\">\n\t\t\t\t<div class=\"elementor-widget-container\">\n\t\t\t\t\t\t\t\t<div class=\"elementor-text-editor elementor-clearfix\">\n\t\t\t\t<h1><b>Privacy Policy per utenti e followers<\/b><\/h1>\n<p>*Ultimo aggiornamento 6 dicembre 2021<\/p>\n<ol>\n<li><b>Chi siamo e come poterci contattare?<\/b><\/li>\n<\/ol>\n<p>Titolare del trattamento dei dati personali \u00e8 <b>NORMA\u2019S TEACHING SRL<\/b>, Via Gianna Giglioli Valle n. 4, Reggio Emilia (RE) , (P. IVA e C.F. 02953760341).<\/p>\n<p>In materia di protezione dei dati personali rispettiamo il Regolamento UE 679\/2016 (GDPR) ai sensi dell\u2019art. 3 del medesimo. Per qualsiasi dubbio o necessit\u00e0 puoi contattarci al seguente indirizzo E-mail: norma@normasteaching.com.<\/p>\n<ol>\n<li><b>Quali tipi di dati raccogliamo?<\/b><\/li>\n<\/ol>\n<p>Ti chiediamo di fornirci il nome e il tuo indirizzo E-mail. Qualora vi sia lo spazio per scriverci liberamente un messaggio, le informazioni ed i dati personali che ci fornisci sono da te liberamente conferiti. In ogni caso anche tali dati saranno oggetto di protezione e riservatezza come descritto nella presente informativa e sono oggetto di tutte le tutele prescritte dal GDPR.<\/p>\n<p>Inoltre iscrivendosi alle nostre liste email, abbiamo la possibilit\u00e0&nbsp; di vedere quando e se hai aperto le nostre email e i click sui link presenti nella stessa. In base alle azioni che compi con le email, potremmo inviarti messaggi personalizzati e mirati.&nbsp;<\/p>\n<ol>\n<li><b>Perch\u00e9 ti chiediamo questi dati personali (finalit\u00e0) e su quale base giuridica?<\/b><\/li>\n<\/ol>\n<p>Ti chiediamo questi dati personali per poter evadere la tua richiesta di scaricare il materiale gratuito, per partecipare alle nostre iniziative (mini corsi, sfide etc.) per rispondere alle tue domande e, per inviarti le nostre E-mail informative periodiche.&nbsp;<\/p>\n<p>Le nostre risorse gratuite sono riservate per coloro che decidono di iscriversi alla nostra Newsletter e, quindi, i dati conferiti servono per inviare il contenuto gratuito richiesto e per inviarti le nostre E-mail informative periodiche.<\/p>\n<p>Le nostre e-mail contengono prevalentemente informazioni e contenuti di valore per il nostro pubblico e, di tanto in tanto, possono contenere annunci e proposte di iniziative a pagamento collegate ai temi trattati, con la proposta di aderire attraverso la partecipazione a mini corsi o sfide.&nbsp;<\/p>\n<p>La base giuridica dei trattamenti descritti in precedenza risiedono nel consenso prestato attraverso la selezione dell\u2019apposita casella presente nel form di contatto (Point &amp; Click), che devi obbligatoriamente spuntare dichiarando di aver letto questa informativa.<\/p>\n<ol>\n<li><b>Come utilizziamo i dati raccolti?<\/b><\/li>\n<\/ol>\n<p>Il trattamento \u00e8 realizzato attraverso la: raccolta, registrazione, organizzazione, conservazione, consultazione, elaborazione, modificazione, selezione, estrazione, raffronto, utilizzo, interconnessione, blocco, comunicazione, cancellazione e distruzione dei dati.&nbsp;<\/p>\n<p>I tuoi dati, una volta inseriti nell\u2019apposito FORM, vengono inviati e gestiti dal servizio di Mailing List \u201cActive Campaign\u201d (<a href=\"https:\/\/www.activecampaign.com\">https:\/\/www.activecampaign.com<\/a>). Attraverso questa piattaforma gestiamo i tuoi dati. La piattaforma permette in qualsiasi momento di cancellarti dalla Newsletter o dalla Mailing List, con la stessa facilit\u00e0 con la quale vi hai aderito. Abbiamo comunque cura che la piattaforma funzioni correttamente e che questa si adegui e rispetti le norme del Regolamento Europeo sulla protezione dei dati personali, in qualit\u00e0 di nostra Responsabile del trattamento.<\/p>\n<p><b>5. E\u2019 obbligatorio il conferimento dei dati?<\/b><\/p>\n<p>E\u2019 indispensabile che tu ci fornisca il tuo nome e la tua E-mail per poter evadere la richiesta. Altrimenti \u00e8 impossibile poterti accontentare. In nessun caso utilizzeremo i tuoi dati personali per finalit\u00e0 diverse da quelle indicate nella presente informativa e da quelle scelte liberamente all\u2019atto dell\u2019iscrizione.<\/p>\n<p>Quindi con questa azione, ci fornisci il tuo consenso al trattamento dei dati personali, nei limiti e per le finalit\u00e0 indicate in questa informativa.<\/p>\n<p><b>6. Destinatari dei dati<\/b><\/p>\n<p>I tuoi dati personali potranno essere comunicati ai nostri collaboratori free lance che ci aiutano nella gestione delle richieste e all\u2019organizzazione del nostro back office. I nostri collaboratori sono nostri responsabili del trattamento dei dati personali e sono vincolati da nostre precise istruzioni e policy, nonch\u00e9 da obblighi di riservatezza e di segretezza. A richiesta, possiamo fornirti l\u2019elenco dei nostri collaboratori, responsabili del trattamento dei dati.<\/p>\n<p>Inoltre i tuoi dati potranno essere comunicati al nostro personale dipendente, incaricato di gestirli per le finalit\u00e0 indicate nella presente informativa, da noi istruito e formato per il corretto trattamento.&nbsp;<\/p>\n<p>Il trattamento dei dati \u00e8 effettuato sempre in modo parzialmente automatizzato.<\/p>\n<p><b>7.&nbsp; Trasferimento dei dati in Paesi terzi&nbsp;<\/b><\/p>\n<p>I tuoi dati possono essere trasferiti in Paesi Extra UE come gli Stati Uniti.<\/p>\n<p>Per gli Stati Uniti,&nbsp; nonostante non sussista una decisione di adeguatezza da parte della Commissione Europea, ci assicuriamo che a livello contrattuale sussistano tutti gli accorgimenti e le garanzie idonei a garantire la sicurezza dei tuoi dati.<\/p>\n<p>La mancanza di garanzie adeguate non \u00e8 legata al fornitore in s\u00e8 e per s\u00e8, che ci assicuriamo adotti tutte le misure di sicurezza necessarie per mantenere i tuoi dati in sicurezza, ma \u00e8 legata alle leggi dei Paesi terzi che non sempre sono allineate con le garanzie di protezione offerte dal GDPR. Tuttavia si tratta di una situazione in continua evoluzione e, ad ogni modo, i nostri fornitori continuano a conformarsi alle condizioni del Privacy Shield Framework, integrano i loro contratti con le Clausole Contrattuali standard approvate dalla Commissione europea e adottano misure ulteriori, sia tecniche che contrattuali, per garantire adeguati livelli di protezione dei dati personali&nbsp;<\/p>\n<p>In particolare facciamo uso delle seguenti piattaforme esterne:<\/p>\n<p><b>Activecampaign<\/b>, per la raccolta delle liste e dei consensi:&nbsp;<\/p>\n<p><a href=\"https:\/\/www.activecampaign.com\/tos\/\">https:\/\/www.activecampaign.com\/tos\/<\/a> con sede a Chicago (IL) la quale si avvale di clausole contrattuali standard al fine di garantire la sicurezza dei tuoi dati. Inoltre lo stato dell\u2019Illinois \u00e8 in procinto di approvare una legge per la protezione dei dati personali molto simile al nostro GDPR., Sidney (sussiste decisione di adeguatezza) e Dublino (UE).<\/p>\n<p><b>Disqus<\/b>, per la gestione dei commenti degli utenti:<a href=\"https:\/\/disqus.com\"> https:\/\/disqus.com<\/a> con sede a San Francisco (CA). In California \u00e8 vigente il California Consumer Privacy Act che contiene delle disposizioni molto simili al GDPR.<\/p>\n<p><b>8. Quali sono i tuoi diritti e come puoi avere informazioni sui dati, modificarli, cancellarli o averne una copia?<\/b><\/p>\n<p>In base al Regolamento Europeo, hai il diritto di chiedere:<\/p>\n<ul>\n<li>l\u2019accesso ai tuoi dati personali (quindi di sapere quali dati personali sono in nostro possesso),&nbsp;<\/li>\n<li>la rettifica&nbsp; dei dati inesatti o l\u2019integrazione di quelli incompleti (nel caso qualche tuo dato abbia subito delle modifiche, come ad esempio se dovessi avere un nuovo indirizzo E-mail),&nbsp;<\/li>\n<li>la cancellazione dei dati personali (al verificarsi di una delle condizioni indicate all\u2019art. 17, par. 1 del GDPR e nel rispetto delle eccezioni previste nel paragrafo 3 dello stesso articolo)<\/li>\n<li>la limitazione del trattamento dei tuoi dati personali (ad esempio potresti chiederci di non essere pi\u00f9 iscritto alla nostra Newsletter pur volendo mantenere le credenziali di accesso per usufruire dei corsi che hai acquistato), al ricorrere di una delle ipotesi indicate nell\u2019art. 18, par. 1 del GDPR.<\/li>\n<li>opporti al trattamento (ad esempio nel caso ti accorgessi che i tuoi dati vengono trattati in maniera non conforme alla presente informativa) e la portabilit\u00e0 dei dati.&nbsp;<\/li>\n<li>Richiedere ed ottenere i tuoi dati personali in un formato strutturato e intelligibile da dispositivo automatico, anche al fine di comunicare tali dati ad un altro titolare del trattamento (diritto alla portabilit\u00e0).<\/li>\n<li>revocare il consenso in qualsiasi momento, limitatamente alle ipotesi in cui il trattamento sia basato sul consenso per una o pi\u00f9 specifiche finalit\u00e0 e riguardi dati personali comuni (ad esempio data e luogo di nascita o luogo di residenza), oppure particolari categorie di dati (ad esempio dati che rivelano la tua origine razziale, le tue opinioni politiche, le tue convinzioni religiose, lo stato di salute o la vita sessuale). Il trattamento basato sul consenso ed effettuato antecedentemente alla revoca dello stesso conserva, comunque, la sua liceit\u00e0.<\/li>\n<li>proporre reclamo ad un&#8217;autorit\u00e0 di controllo (Autorit\u00e0 Garante per la protezione dei dati personali \u2013 www.garanteprivacy.it).&nbsp;<\/li>\n<\/ul>\n<p><b>9. Per quanto tempo conserveremo i tuoi dati?<\/b><\/p>\n<p>I tuoi dati personali saranno conservati per tutto il tempo in cui perdurer\u00e0 l\u2019iscrizione alle nostre liste e per 3 mesi dall\u2019avvenuta richiesta di annullare l\u2019iscrizione.<\/p>\n<p><b>10. Come garantiamo la sicurezza dei tuoi dati?<\/b><\/p>\n<p>Noi siamo particolarmente attenti e rispettosi dei tuoi dati personali e, quindi, mettiamo tutto il nostro impegno per trattarli in modo corretto e per garantirne la sicurezza e la protezione dai rischi di perdita, furto o abuso da parte di terzi.<\/p>\n<p><b>11. Ulteriori informazioni<\/b><\/p>\n<p>Per qualsiasi dubbio o problema tu riscontri, saremo ben felici di fornirti ogni informazione e soluzione possibile, scrivendoci a norma@normasteaching.com. Ti consigliamo di contattarci e di esporci qualsiasi tuo dubbio o necessit\u00e0.&nbsp;<\/p>\n<p>Questa Privacy Policy potr\u00e0 essere oggetto di successive modifiche e\/o integrazioni. Quindi ti invitiamo a consultarla periodicamente in base alle tue necessit\u00e0.<\/p>\n<p>*Le precedenti versioni della Privacy&nbsp;<span style=\"color: var( --e-global-color-0c57534 ); font-size: 1rem;\">Policy<\/span><span style=\"color: var( --e-global-color-0c57534 ); font-size: 1rem;\">&nbsp;<\/span><span style=\"color: var( --e-global-color-0c57534 ); font-size: 1rem;\">sono consultabili&nbsp;<\/span><a class=\"c-link c-link--underline\" tabindex=\"-1\" href=\"https:\/\/drive.google.com\/drive\/folders\/1jxW_j5PaPjRNsHKrtUBWUETyTvCV9Zfd\" target=\"_blank\" rel=\"noopener noreferrer\" data-stringify-link=\"https:\/\/drive.google.com\/drive\/folders\/1jxW_j5PaPjRNsHKrtUBWUETyTvCV9Zfd\" data-sk=\"tooltip_parent\" data-remove-tab-index=\"true\" aria-describedby=\"sk-tooltip-8519\" style=\"background-color: rgb(255, 255, 255); font-size: 1rem;\">qui<\/a>.<\/p>\t\t\t\t\t<\/div>\n\t\t\t\t\t\t<\/div>\n\t\t\t\t<\/div>\n\t\t\t\t\t\t<\/div>\n\t\t\t\t\t<\/div>\n\t\t<\/div>\n\t\t\t\t\t\t\t\t<\/div>\n\t\t\t\t\t<\/div>\n\t\t<\/section>\n\t\t\t\t\t\t\t\t\t<\/div>\n\t\t\t<\/div>\n\t\t\t\t\t<\/div>\n\t\t","protected":false},"excerpt":{"rendered":"<p>Torna alla Home Privacy Policy per utenti e followers *Ultimo aggiornamento 6 dicembre 2021 Chi siamo e come poterci contattare? Titolare del trattamento dei dati personali \u00e8 NORMA\u2019S TEACHING SRL, Via Gianna Giglioli Valle n. 4, Reggio Emilia (RE) , (P. IVA e C.F. 02953760341). In materia di protezione dei dati personali rispettiamo il Regolamento [&hellip;]<\/p>\n","protected":false},"author":2,"featured_media":0,"parent":0,"menu_order":0,"comment_status":"closed","ping_status":"closed","template":"elementor_canvas","meta":{"inline_featured_image":false},"folder":[],"acf":[],"_links":{"self":[{"href":"https:\/\/normasteaching.com\/archivio\/wp-json\/wp\/v2\/pages\/4238"}],"collection":[{"href":"https:\/\/normasteaching.com\/archivio\/wp-json\/wp\/v2\/pages"}],"about":[{"href":"https:\/\/normasteaching.com\/archivio\/wp-json\/wp\/v2\/types\/page"}],"author":[{"embeddable":true,"href":"https:\/\/normasteaching.com\/archivio\/wp-json\/wp\/v2\/users\/2"}],"replies":[{"embeddable":true,"href":"https:\/\/normasteaching.com\/archivio\/wp-json\/wp\/v2\/comments?post=4238"}],"version-history":[{"count":22,"href":"https:\/\/normasteaching.com\/archivio\/wp-json\/wp\/v2\/pages\/4238\/revisions"}],"predecessor-version":[{"id":9621,"href":"https:\/\/normasteaching.com\/archivio\/wp-json\/wp\/v2\/pages\/4238\/revisions\/9621"}],"wp:attachment":[{"href":"https:\/\/normasteaching.com\/archivio\/wp-json\/wp\/v2\/media?parent=4238"}],"wp:term":[{"taxonomy":"folder","embeddable":true,"href":"https:\/\/normasteaching.com\/archivio\/wp-json\/wp\/v2\/folder?post=4238"}],"curies":[{"name":"wp","href":"https:\/\/api.w.org\/{rel}","templated":true}]}}